{"id":2,"date":"2024-05-27T12:20:18","date_gmt":"2024-05-27T10:20:18","guid":{"rendered":"http:\/\/ptittruckcafe.com\/?page_id=2"},"modified":"2024-05-27T13:10:35","modified_gmt":"2024-05-27T11:10:35","slug":"page-d-exemple","status":"publish","type":"page","link":"https:\/\/ptittruckcafe.com\/","title":{"rendered":"Page d\u2019exemple"},"content":{"rendered":"\n<p>Un petit camion <strong>ambulant<\/strong> d\u00e9di\u00e9 au <strong>caf\u00e9 d\u2019exception<\/strong> et au <strong>th\u00e9<\/strong> sous toutes ses formes les plus savoureuses avec des produits bios- \u00e9quitables.<\/p>\n\n\n\n<div class=\"wp-block-group alignfull has-background is-layout-constrained wp-container-core-group-is-layout-e6f1036d wp-block-group-is-layout-constrained\" style=\"background-color:#fffffe;margin-top:0;margin-bottom:0;padding-top:0;padding-right:0;padding-bottom:0;padding-left:0\">\n<div class=\"wp-block-group has-text-color has-background has-link-color wp-elements-8d1b0bb23e3d1ab9094686bed9edac1e is-layout-constrained wp-container-core-group-is-layout-e2426ac6 wp-block-group-is-layout-constrained\" style=\"color:#fffffe;background:linear-gradient(135deg,rgb(13,95,255) 0%,rgb(0,39,114) 100%);margin-top:0;margin-bottom:0;padding-top:6px;padding-right:16px;padding-bottom:6px;padding-left:16px;font-size:14px\">\n<div class=\"wp-block-group is-content-justification-space-between is-layout-flex wp-container-core-group-is-layout-c9f9ab14 wp-block-group-is-layout-flex\" style=\"margin-top:0;margin-bottom:0\">\n<div class=\"wp-block-group is-nowrap is-layout-flex wp-container-core-group-is-layout-f01a8a75 wp-block-group-is-layout-flex\">\n<p>.<\/p>\n<\/div>\n\n\n\n<div class=\"wp-block-group is-nowrap is-layout-flex wp-container-core-group-is-layout-0e233f1e wp-block-group-is-layout-flex\"><div class=\"cozy-block-wrapper\">\n<div class=\"cozy-block-social-icon stacked fill icon-color-custom\" id=\"cozyBlock_a20422c2_c1f9_4ec7_afdf_41e1f55b6188\">\n<style>\n      #cozyBlock_6cdfcd8e_bec7_4b4b_b0dd_93e562624827.stacked.icon-color-default {\n        background: #1877f2;\n      }\n      #cozyBlock_6cdfcd8e_bec7_4b4b_b0dd_93e562624827.stacked.fill.icon-color-default svg {\n        fill: #fff;\n      }\n      #cozyBlock_6cdfcd8e_bec7_4b4b_b0dd_93e562624827.stacked.outline.icon-color-default svg {\n        stroke: #fff;\n        fill: none;\n      }\n      #cozyBlock_6cdfcd8e_bec7_4b4b_b0dd_93e562624827.fill.icon-color-default svg {\n        fill: #1877f2;\n      }\n      #cozyBlock_6cdfcd8e_bec7_4b4b_b0dd_93e562624827.outline.icon-color-default svg {\n        stroke: #1877f2;\n        fill: none;\n      }\n  <\/style><a href=\"#\" target=\"\" rel=\"noopener\"><div class=\"cozy-block-social-icon-picker stacked fill icon-color-custom\" id=\"cozyBlock_6cdfcd8e_bec7_4b4b_b0dd_93e562624827\"><svg viewBox=\"0 0 14 25\" xmlns=\"http:\/\/www.w3.org\/2000\/svg\" aria-hidden=\"true\"><path d=\"M12.5122 14.0625L13.2065 9.53809H8.86523V6.60205C8.86523 5.36426 9.47168 4.15771 11.416 4.15771H13.3896V0.305664C13.3896 0.305664 11.5986 0 9.88623 0C6.31104 0 3.97412 2.16699 3.97412 6.08984V9.53809H0V14.0625H3.97412V25H8.86523V14.0625H12.5122Z\"><\/path><\/svg><\/div><\/a>\n\n\n\n<style>\n      #cozyBlock_f8903e85_793c_4f06_acb1_4f6e1dffe899.stacked.icon-color-default {\n        background: linear-gradient(180deg, #DA5353 -38.62%, #595FF4 61.38%);\n      }\n      #cozyBlock_f8903e85_793c_4f06_acb1_4f6e1dffe899.stacked.fill.icon-color-default svg {\n        fill: #fff;\n      }\n      #cozyBlock_f8903e85_793c_4f06_acb1_4f6e1dffe899.stacked.outline.icon-color-default svg {\n        stroke: #fff;\n        fill: none;\n      }\n      #cozyBlock_f8903e85_793c_4f06_acb1_4f6e1dffe899.fill.icon-color-default svg {\n        fill: linear-gradient(180deg, #DA5353 -38.62%, #595FF4 61.38%);\n      }\n      #cozyBlock_f8903e85_793c_4f06_acb1_4f6e1dffe899.outline.icon-color-default svg {\n        stroke: linear-gradient(180deg, #DA5353 -38.62%, #595FF4 61.38%);\n        fill: none;\n      }\n  <\/style><a href=\"#\" target=\"\" rel=\"noopener\"><div class=\"cozy-block-social-icon-picker stacked fill icon-color-custom\" id=\"cozyBlock_f8903e85_793c_4f06_acb1_4f6e1dffe899\"><svg viewBox=\"0 0 22 22\" xmlns=\"http:\/\/www.w3.org\/2000\/svg\" aria-hidden=\"true\"><path d=\"M10.946 5.33081C7.84058 5.33081 5.33569 7.83569 5.33569 10.9412C5.33569 14.0466 7.84058 16.5515 10.946 16.5515C14.0515 16.5515 16.5564 14.0466 16.5564 10.9412C16.5564 7.83569 14.0515 5.33081 10.946 5.33081ZM10.946 14.5886C8.93921 14.5886 7.29858 12.9529 7.29858 10.9412C7.29858 8.92944 8.93433 7.2937 10.946 7.2937C12.9578 7.2937 14.5935 8.92944 14.5935 10.9412C14.5935 12.9529 12.9529 14.5886 10.946 14.5886ZM18.0945 5.10132C18.0945 5.82886 17.5085 6.40991 16.7859 6.40991C16.0584 6.40991 15.4773 5.82397 15.4773 5.10132C15.4773 4.37866 16.0632 3.79272 16.7859 3.79272C17.5085 3.79272 18.0945 4.37866 18.0945 5.10132ZM21.8103 6.42944C21.7273 4.67651 21.3269 3.12378 20.0427 1.84448C18.7634 0.565185 17.2107 0.164795 15.4578 0.0769043C13.6511 -0.0256348 8.23608 -0.0256348 6.42944 0.0769043C4.6814 0.159912 3.12866 0.560303 1.84448 1.8396C0.560303 3.1189 0.164795 4.67163 0.0769043 6.42456C-0.0256348 8.2312 -0.0256348 13.6462 0.0769043 15.4529C0.159912 17.2058 0.560303 18.7585 1.84448 20.0378C3.12866 21.3171 4.67651 21.7175 6.42944 21.8054C8.23608 21.908 13.6511 21.908 15.4578 21.8054C17.2107 21.7224 18.7634 21.322 20.0427 20.0378C21.322 18.7585 21.7224 17.2058 21.8103 15.4529C21.9128 13.6462 21.9128 8.23608 21.8103 6.42944ZM19.4763 17.3914C19.0955 18.3484 18.3582 19.0857 17.3962 19.4714C15.9558 20.0427 12.5378 19.9109 10.946 19.9109C9.35425 19.9109 5.9314 20.0378 4.49585 19.4714C3.53882 19.0906 2.80151 18.3533 2.41577 17.3914C1.84448 15.9509 1.97632 12.533 1.97632 10.9412C1.97632 9.34937 1.84937 5.92651 2.41577 4.49097C2.79663 3.53394 3.53394 2.79663 4.49585 2.41089C5.93628 1.8396 9.35425 1.97144 10.946 1.97144C12.5378 1.97144 15.9607 1.84448 17.3962 2.41089C18.3533 2.79175 19.0906 3.52905 19.4763 4.49097C20.0476 5.9314 19.9158 9.34937 19.9158 10.9412C19.9158 12.533 20.0476 15.9558 19.4763 17.3914Z\"><\/path><\/svg><\/div><\/a>\n\n\n\n<style>\n      #cozyBlock_a26ff27a_bbd5_4971_80a3_9b0305afae32.stacked.icon-color-default {\n        background: #0088cc;\n      }\n      #cozyBlock_a26ff27a_bbd5_4971_80a3_9b0305afae32.stacked.fill.icon-color-default svg {\n        fill: #fff;\n      }\n      #cozyBlock_a26ff27a_bbd5_4971_80a3_9b0305afae32.stacked.outline.icon-color-default svg {\n        stroke: #fff;\n        fill: none;\n      }\n      #cozyBlock_a26ff27a_bbd5_4971_80a3_9b0305afae32.fill.icon-color-default svg {\n        fill: #0088cc;\n      }\n      #cozyBlock_a26ff27a_bbd5_4971_80a3_9b0305afae32.outline.icon-color-default svg {\n        stroke: #0088cc;\n        fill: none;\n      }\n  <\/style><a href=\"#\" target=\"\" rel=\"noopener\"><div class=\"cozy-block-social-icon-picker stacked fill icon-color-custom\" id=\"cozyBlock_a26ff27a_bbd5_4971_80a3_9b0305afae32\"><svg viewBox=\"0 0 22 19\" xmlns=\"http:\/\/www.w3.org\/2000\/svg\" aria-hidden=\"true\"><path d=\"M21.8107 1.66995L18.5099 17.2364C18.2609 18.335 17.6115 18.6084 16.6887 18.0908L11.6594 14.3848L9.2326 16.7188C8.96405 16.9873 8.73944 17.2119 8.22186 17.2119L8.58319 12.0899L17.9045 3.66702C18.3097 3.30569 17.8166 3.1055 17.2746 3.46683L5.75116 10.7227L0.790218 9.16995C-0.288883 8.83304 -0.308415 8.09085 1.01483 7.57327L20.4191 0.0976854C21.3176 -0.239229 22.1037 0.297881 21.8107 1.66995Z\"><\/path><\/svg><\/div><\/a>\n<\/div>\n<\/div><\/div>\n<\/div>\n<\/div>\n\n\n\n<div class=\"wp-block-group has-text-color has-background wp-elements-6333e001fdbea948b5d00e275ebb855b is-layout-constrained wp-container-core-group-is-layout-5391e1d1 wp-block-group-is-layout-constrained\" style=\"color:#090b10;background-color:#fffffe;margin-top:0;margin-bottom:0;padding-top:16px;padding-right:16px;padding-bottom:16px;padding-left:16px;font-size:clamp(14px, 0.875rem + ((1vw - 3.2px) * 0.122), 16px);\">\n<div class=\"wp-block-group is-content-justification-space-between is-layout-flex wp-container-core-group-is-layout-9366075c wp-block-group-is-layout-flex\">\n<div class=\"wp-block-group is-nowrap is-layout-flex wp-container-core-group-is-layout-37505225 wp-block-group-is-layout-flex\"><div class=\"wp-block-site-logo\"><a href=\"https:\/\/ptittruckcafe.com\/\" class=\"custom-logo-link\" rel=\"home\"><img loading=\"lazy\" decoding=\"async\" width=\"42\" height=\"42\" src=\"https:\/\/ptittruckcafe.com\/wp-content\/uploads\/2024\/05\/cropped-logo_ptit_truck_tr5.png\" class=\"custom-logo\" alt=\"Le P&#039;tit Truck Caf\u00e9\" srcset=\"https:\/\/ptittruckcafe.com\/wp-content\/uploads\/2024\/05\/cropped-logo_ptit_truck_tr5.png 512w, https:\/\/ptittruckcafe.com\/wp-content\/uploads\/2024\/05\/cropped-logo_ptit_truck_tr5-300x300.png 300w, https:\/\/ptittruckcafe.com\/wp-content\/uploads\/2024\/05\/cropped-logo_ptit_truck_tr5-150x150.png 150w, https:\/\/ptittruckcafe.com\/wp-content\/uploads\/2024\/05\/cropped-logo_ptit_truck_tr5-270x270.png 270w, https:\/\/ptittruckcafe.com\/wp-content\/uploads\/2024\/05\/cropped-logo_ptit_truck_tr5-192x192.png 192w, https:\/\/ptittruckcafe.com\/wp-content\/uploads\/2024\/05\/cropped-logo_ptit_truck_tr5-180x180.png 180w, https:\/\/ptittruckcafe.com\/wp-content\/uploads\/2024\/05\/cropped-logo_ptit_truck_tr5-32x32.png 32w\" sizes=\"auto, (max-width: 42px) 100vw, 42px\" \/><\/a><\/div>\n\n<h1 style=\"color:#090b10; font-size:clamp(16.293px, 1.018rem + ((1vw - 3.2px) * 0.531), 25px);font-style:normal;font-weight:600;text-decoration:none;\" class=\"has-link-color wp-elements-fa63aaf38d409fbc5baff27b5a7c0414 wp-block-site-title has-text-color\"><a href=\"https:\/\/ptittruckcafe.com\" target=\"_self\" rel=\"home\">Le P&#039;tit Truck Caf\u00e9<\/a><\/h1><\/div>\n\n\n\n<div class=\"wp-block-group is-layout-flex wp-block-group-is-layout-flex\">\n<div class=\"wp-block-group is-content-justification-left is-nowrap is-layout-flex wp-container-core-group-is-layout-6559d0b5 wp-block-group-is-layout-flex\">\n<div class=\"cozy-block-wrapper cozy-block-icon-wrapper\">\n\t<div class=\"wp-block-cozy-block-icon-picker\">\n\t\t\n<div class=\"cozy-block-icon-picker stacked\" id=\"cozyBlock_19751716_93ad_4425_8fa9_3dab69e6efb7\"><svg width=\"15\" height=\"15\" viewBox=\"0 0 16 16\" xmlns=\"http:\/\/www.w3.org\/2000\/svg\" aria-hidden=\"true\" fill=\"#fffffe\"><path d=\"M14.292 15.5C12.5559 15.5 10.8406 15.1215 9.14616 14.3646C7.45171 13.6076 5.91005 12.5347 4.52116 11.1458C3.13227 9.75694 2.05935 8.21528 1.30241 6.52083C0.545464 4.82639 0.166992 3.11111 0.166992 1.375C0.166992 1.125 0.250326 0.916667 0.416992 0.75C0.583659 0.583333 0.791992 0.5 1.04199 0.5H4.41699C4.61144 0.5 4.78505 0.565972 4.93783 0.697917C5.0906 0.829861 5.18088 0.986111 5.20866 1.16667L5.75033 4.08333C5.7781 4.30556 5.77116 4.49306 5.72949 4.64583C5.68783 4.79861 5.61144 4.93056 5.50033 5.04167L3.47949 7.08333C3.75727 7.59722 4.08713 8.09375 4.46908 8.57292C4.85102 9.05208 5.27116 9.51389 5.72949 9.95833C6.16005 10.3889 6.61144 10.7882 7.08366 11.1562C7.55588 11.5243 8.05588 11.8611 8.58366 12.1667L10.542 10.2083C10.667 10.0833 10.8302 9.98958 11.0316 9.92708C11.233 9.86458 11.4309 9.84722 11.6253 9.875L14.5003 10.4583C14.6948 10.5139 14.8545 10.6146 14.9795 10.7604C15.1045 10.9062 15.167 11.0694 15.167 11.25V14.625C15.167 14.875 15.0837 15.0833 14.917 15.25C14.7503 15.4167 14.542 15.5 14.292 15.5Z\"><\/path><\/svg><\/div>\n\t<\/div>\n<\/div>\n\n\n<div class=\"wp-block-group is-layout-constrained wp-container-core-group-is-layout-19e250f3 wp-block-group-is-layout-constrained\">\n<p style=\"font-size:10px;line-height:1.4\">Appelez nous<\/p>\n\n\n\n<p class=\"has-x-small-font-size\" style=\"font-style:normal;font-weight:600\">+33 6 62 09 93 58<\/p>\n<\/div>\n<\/div>\n\n\n\n<div class=\"wp-block-group is-content-justification-left is-nowrap is-layout-flex wp-container-core-group-is-layout-6559d0b5 wp-block-group-is-layout-flex\">\n<div class=\"cozy-block-wrapper cozy-block-icon-wrapper\">\n\t<div class=\"wp-block-cozy-block-icon-picker\">\n\t\t\n<div class=\"cozy-block-icon-picker stacked\" id=\"cozyBlock_577bb5be_b032_46ea_a74e_db575a1672a3\"><svg width=\"15\" height=\"15\" viewBox=\"0 0 22 19\" xmlns=\"http:\/\/www.w3.org\/2000\/svg\" aria-hidden=\"true\" fill=\"#fffffe\"><path d=\"M21.8107 1.66995L18.5099 17.2364C18.2609 18.335 17.6115 18.6084 16.6887 18.0908L11.6594 14.3848L9.2326 16.7188C8.96405 16.9873 8.73944 17.2119 8.22186 17.2119L8.58319 12.0899L17.9045 3.66702C18.3097 3.30569 17.8166 3.1055 17.2746 3.46683L5.75116 10.7227L0.790218 9.16995C-0.288883 8.83304 -0.308415 8.09085 1.01483 7.57327L20.4191 0.0976854C21.3176 -0.239229 22.1037 0.297881 21.8107 1.66995Z\"><\/path><\/svg><\/div>\n\t<\/div>\n<\/div>\n\n\n<div class=\"wp-block-group is-layout-constrained wp-container-core-group-is-layout-19e250f3 wp-block-group-is-layout-constrained\">\n<p style=\"font-size:10px;line-height:1.4\">Mail<\/p>\n\n\n\n<p class=\"has-x-small-font-size\" style=\"font-style:normal;font-weight:600\">contact@ptittruckcafe.com<\/p>\n<\/div>\n<\/div>\n\n\n\n<div class=\"wp-block-buttons has-custom-font-size is-layout-flex wp-block-buttons-is-layout-flex\" style=\"font-size:clamp(14px, 0.875rem + ((1vw - 3.2px) * 0.122), 16px);font-style:normal;font-weight:500;text-decoration:none\"><\/div>\n<\/div>\n<\/div>\n<\/div>\n\n\n\n<div class=\"wp-block-group alignfull has-background is-layout-constrained wp-container-core-group-is-layout-74c31d1c wp-block-group-is-layout-constrained\" style=\"border-top-color:#0d5fff26;border-top-width:1px;background-color:#fffffe;margin-top:0;margin-bottom:0;padding-top:0;padding-right:0;padding-bottom:0;padding-left:0\">\n<div class=\"wp-block-group is-layout-constrained wp-container-core-group-is-layout-bc004970 wp-block-group-is-layout-constrained\" style=\"margin-top:0;margin-bottom:0;padding-top:0;padding-right:16px;padding-bottom:0;padding-left:16px\">\n<div class=\"wp-block-group is-content-justification-space-between is-nowrap is-layout-flex wp-container-core-group-is-layout-ff2b41b5 wp-block-group-is-layout-flex\" style=\"margin-top:0;margin-bottom:0;padding-top:0;padding-right:0;padding-bottom:0;padding-left:0\"><nav style=\"color: #616161; font-size:clamp(14px, 0.875rem + ((1vw - 3.2px) * 0.061), 15px);\" class=\"has-text-color is-responsive wp-block-navigation is-layout-flex wp-block-navigation-is-layout-flex\" aria-label=\"Navigation\" \n\t\t data-wp-interactive=\"core\/navigation\" data-wp-context='{\"overlayOpenedBy\":{\"click\":false,\"hover\":false,\"focus\":false},\"type\":\"overlay\",\"roleAttribute\":\"\",\"ariaLabel\":\"Menu\"}'><button aria-haspopup=\"dialog\" aria-label=\"Ouvrir le menu\" class=\"wp-block-navigation__responsive-container-open\" \n\t\t\t\tdata-wp-on--click=\"actions.openMenuOnClick\"\n\t\t\t\tdata-wp-on--keydown=\"actions.handleMenuKeydown\"\n\t\t\t><svg width=\"24\" height=\"24\" xmlns=\"http:\/\/www.w3.org\/2000\/svg\" viewBox=\"0 0 24 24\" aria-hidden=\"true\" focusable=\"false\"><path d=\"M4 7.5h16v1.5H4z\"><\/path><path d=\"M4 15h16v1.5H4z\"><\/path><\/svg><\/button>\n\t\t\t\t<div class=\"wp-block-navigation__responsive-container  has-text-color\" style=\"color: #616161\" id=\"modal-1\" \n\t\t\t\tdata-wp-class--has-modal-open=\"state.isMenuOpen\"\n\t\t\t\tdata-wp-class--is-menu-open=\"state.isMenuOpen\"\n\t\t\t\tdata-wp-watch=\"callbacks.initMenu\"\n\t\t\t\tdata-wp-on--keydown=\"actions.handleMenuKeydown\"\n\t\t\t\tdata-wp-on--focusout=\"actions.handleMenuFocusout\"\n\t\t\t\ttabindex=\"-1\"\n\t\t\t>\n\t\t\t\t\t<div class=\"wp-block-navigation__responsive-close\" tabindex=\"-1\">\n\t\t\t\t\t\t<div class=\"wp-block-navigation__responsive-dialog\" \n\t\t\t\tdata-wp-bind--aria-modal=\"state.ariaModal\"\n\t\t\t\tdata-wp-bind--aria-label=\"state.ariaLabel\"\n\t\t\t\tdata-wp-bind--role=\"state.roleAttribute\"\n\t\t\t>\n\t\t\t\t\t\t\t<button aria-label=\"Fermer le menu\" class=\"wp-block-navigation__responsive-container-close\" \n\t\t\t\tdata-wp-on--click=\"actions.closeMenuOnClick\"\n\t\t\t><svg xmlns=\"http:\/\/www.w3.org\/2000\/svg\" viewBox=\"0 0 24 24\" width=\"24\" height=\"24\" aria-hidden=\"true\" focusable=\"false\"><path d=\"m13.06 12 6.47-6.47-1.06-1.06L12 10.94 5.53 4.47 4.47 5.53 10.94 12l-6.47 6.47 1.06 1.06L12 13.06l6.47 6.47 1.06-1.06L13.06 12Z\"><\/path><\/svg><\/button>\n\t\t\t\t\t\t\t<div class=\"wp-block-navigation__responsive-container-content\" \n\t\t\t\tdata-wp-watch=\"callbacks.focusFirstElement\"\n\t\t\t id=\"modal-1-content\">\n\t\t\t\t\t\t\t\t<ul class=\"wp-block-navigation__container has-text-color is-responsive wp-block-navigation cozy-nav-hover-color\" style=\"color: #616161; font-size:clamp(14px, 0.875rem + ((1vw - 3.2px) * 0.061), 15px);--cozyMenuPadding: 0px 0px 0px 0px; --cozyHoverMenuText: #f49805; \"><li style=\"font-size: clamp(14px, 0.875rem + ((1vw - 3.2px) * 0.061), 15px);\" class=\" wp-block-navigation-item wp-block-navigation-link\"><a class=\"wp-block-navigation-item__content\"  href=\"https:\/\/ptittruckcafe.com\"><span class=\"wp-block-navigation-item__label\">Accueil<\/span><\/a><\/li><li style=\"font-size: clamp(14px, 0.875rem + ((1vw - 3.2px) * 0.061), 15px);\" class=\" wp-block-navigation-item wp-block-navigation-link\"><a class=\"wp-block-navigation-item__content\"  href=\"#qui\"><span class=\"wp-block-navigation-item__label\">Qui suis-je<\/span><\/a><\/li><li style=\"font-size: clamp(14px, 0.875rem + ((1vw - 3.2px) * 0.061), 15px);\" class=\" wp-block-navigation-item wp-block-navigation-link\"><a class=\"wp-block-navigation-item__content\"  href=\"#contact\"><span class=\"wp-block-navigation-item__label\">Contact<\/span><\/a><\/li><\/ul>\n\t\t\t\t\t\t\t<\/div>\n\t\t\t\t\t\t<\/div>\n\t\t\t\t\t<\/div>\n\t\t\t\t<\/div><\/nav>\n\n<form role=\"search\" method=\"get\" action=\"https:\/\/ptittruckcafe.com\/\" class=\"wp-block-search__button-only wp-block-search__searchfield-hidden wp-block-search__icon-button cozy-block-pattern__search-bar wp-block-search\" \n\t\t data-wp-interactive=\"core\/search\"\n\t\t data-wp-context='{\"isSearchInputVisible\":false,\"inputId\":\"wp-block-search__input-2\",\"ariaLabelExpanded\":\"Lancer la recherche\",\"ariaLabelCollapsed\":\"D\\u00e9plier le champ de recherche\"}'\n\t\t data-wp-class--wp-block-search__searchfield-hidden=\"!context.isSearchInputVisible\"\n\t\t data-wp-on--keydown=\"actions.handleSearchKeydown\"\n\t\t data-wp-on--focusout=\"actions.handleSearchFocusout\"\n\t\t><label class=\"wp-block-search__label screen-reader-text\" for=\"wp-block-search__input-2\" >Search<\/label><div class=\"wp-block-search__inside-wrapper\" ><input aria-hidden=\"true\" class=\"wp-block-search__input has-small-font-size\" data-wp-bind--aria-hidden=\"!context.isSearchInputVisible\" data-wp-bind--tabindex=\"state.tabindex\" id=\"wp-block-search__input-2\" placeholder=\"\"  value=\"\" type=\"search\" name=\"s\" required \/><button  aria-expanded=\"false\"  class=\"wp-block-search__button has-text-color has-background has-small-font-size has-icon wp-element-button\" data-wp-bind--aria-controls=\"state.ariaControls\" data-wp-bind--aria-expanded=\"context.isSearchInputVisible\" data-wp-bind--aria-label=\"state.ariaLabel\" data-wp-bind--type=\"state.type\" data-wp-on--click=\"actions.openSearchInput\"   style=\"color: #616161;background-color: #fffffe\"><svg class=\"search-icon\" viewBox=\"0 0 24 24\" width=\"24\" height=\"24\">\n\t\t\t\t\t<path d=\"M13 5c-3.3 0-6 2.7-6 6 0 1.4.5 2.7 1.3 3.7l-3.8 3.8 1.1 1.1 3.8-3.8c1 .8 2.3 1.3 3.7 1.3 3.3 0 6-2.7 6-6S16.3 5 13 5zm0 10.5c-2.5 0-4.5-2-4.5-4.5s2-4.5 4.5-4.5 4.5 2 4.5 4.5-2 4.5-4.5 4.5z\"><\/path>\n\t\t\t\t<\/svg><\/button><\/div><\/form><\/div>\n<\/div>\n<\/div>\n<\/div>\n","protected":false},"excerpt":{"rendered":"<p>Un petit camion ambulant d\u00e9di\u00e9 au caf\u00e9 d\u2019exception et au th\u00e9 sous toutes ses formes les plus savoureuses avec des produits bios- \u00e9quitables. . Appelez nous +33 6 62 09 93 58 Mail contact@ptittruckcafe.com<\/p>\n","protected":false},"author":1,"featured_media":0,"parent":0,"menu_order":0,"comment_status":"closed","ping_status":"open","template":"","meta":{"footnotes":""},"class_list":["post-2","page","type-page","status-publish","hentry"],"_links":{"self":[{"href":"https:\/\/ptittruckcafe.com\/index.php\/wp-json\/wp\/v2\/pages\/2","targetHints":{"allow":["GET"]}}],"collection":[{"href":"https:\/\/ptittruckcafe.com\/index.php\/wp-json\/wp\/v2\/pages"}],"about":[{"href":"https:\/\/ptittruckcafe.com\/index.php\/wp-json\/wp\/v2\/types\/page"}],"author":[{"embeddable":true,"href":"https:\/\/ptittruckcafe.com\/index.php\/wp-json\/wp\/v2\/users\/1"}],"replies":[{"embeddable":true,"href":"https:\/\/ptittruckcafe.com\/index.php\/wp-json\/wp\/v2\/comments?post=2"}],"version-history":[{"count":3,"href":"https:\/\/ptittruckcafe.com\/index.php\/wp-json\/wp\/v2\/pages\/2\/revisions"}],"predecessor-version":[{"id":14,"href":"https:\/\/ptittruckcafe.com\/index.php\/wp-json\/wp\/v2\/pages\/2\/revisions\/14"}],"wp:attachment":[{"href":"https:\/\/ptittruckcafe.com\/index.php\/wp-json\/wp\/v2\/media?parent=2"}],"curies":[{"name":"wp","href":"https:\/\/api.w.org\/{rel}","templated":true}]}}